{"id":8285,"date":"2025-12-08T18:45:18","date_gmt":"2025-12-08T18:45:18","guid":{"rendered":"http:\/\/revemed.com.br\/?page_id=8285"},"modified":"2025-12-10T16:52:58","modified_gmt":"2025-12-10T16:52:58","slug":"responsabilidade-social","status":"publish","type":"page","link":"http:\/\/revemed.com.br\/pt-br\/responsabilidade-social\/","title":{"rendered":"Responsabilidade Social"},"content":{"rendered":"[vc_row type=&#8221;full_width_background&#8221; full_screen_row_position=&#8221;middle&#8221; column_margin=&#8221;default&#8221; equal_height=&#8221;yes&#8221; content_placement=&#8221;top&#8221; column_direction=&#8221;default&#8221; column_direction_tablet=&#8221;default&#8221; column_direction_phone=&#8221;default&#8221; scene_position=&#8221;center&#8221; top_padding=&#8221;0&#8243; constrain_group_1=&#8221;yes&#8221; bottom_padding=&#8221;0&#8243; constrain_group_2=&#8221;yes&#8221; top_margin=&#8221;0&#8243; text_color=&#8221;dark&#8221; text_align=&#8221;left&#8221; row_border_radius=&#8221;none&#8221; row_border_radius_applies=&#8221;bg&#8221; overflow=&#8221;visible&#8221; overlay_strength=&#8221;0.3&#8243; gradient_direction=&#8221;left_to_right&#8221; shape_divider_position=&#8221;bottom&#8221; bg_image_animation=&#8221;none&#8221; gradient_type=&#8221;default&#8221; shape_type=&#8221;&#8221;][vc_column column_padding=&#8221;no-extra-padding&#8221; column_padding_tablet=&#8221;inherit&#8221; column_padding_phone=&#8221;inherit&#8221; column_padding_position=&#8221;all&#8221; translate_y=&#8221;-60px&#8221; column_element_direction_desktop=&#8221;default&#8221; column_element_spacing=&#8221;default&#8221; desktop_text_alignment=&#8221;default&#8221; tablet_text_alignment=&#8221;default&#8221; phone_text_alignment=&#8221;default&#8221; background_color_opacity=&#8221;1&#8243; background_hover_color_opacity=&#8221;1&#8243; column_backdrop_filter=&#8221;none&#8221; column_shadow=&#8221;none&#8221; column_border_radius=&#8221;none&#8221; column_link_target=&#8221;_self&#8221; column_position=&#8221;default&#8221; gradient_direction=&#8221;left_to_right&#8221; overlay_strength=&#8221;0.3&#8243; width=&#8221;1\/6&#8243; tablet_width_inherit=&#8221;default&#8221; animation_type=&#8221;default&#8221; bg_image_animation=&#8221;none&#8221; border_type=&#8221;simple&#8221; column_border_width=&#8221;none&#8221; column_border_style=&#8221;solid&#8221; column_padding_type=&#8221;default&#8221; gradient_type=&#8221;default&#8221;][\/vc_column][vc_column top_padding_desktop=&#8221;5%&#8221; bottom_padding_desktop=&#8221;10%&#8221; left_padding_desktop=&#8221;5%&#8221; right_padding_desktop=&#8221;5%&#8221; bottom_margin=&#8221;0&#8243; translate_y=&#8221;-160&#8243; column_element_direction_desktop=&#8221;default&#8221; column_element_spacing=&#8221;default&#8221; desktop_text_alignment=&#8221;default&#8221; tablet_text_alignment=&#8221;default&#8221; phone_text_alignment=&#8221;default&#8221; background_color=&#8221;#ffffff&#8221; background_color_opacity=&#8221;0.9&#8243; background_hover_color_opacity=&#8221;1&#8243; column_backdrop_filter=&#8221;none&#8221; column_shadow=&#8221;none&#8221; column_border_radius=&#8221;none&#8221; column_link_target=&#8221;_self&#8221; column_position=&#8221;default&#8221; gradient_direction=&#8221;left_to_right&#8221; overlay_strength=&#8221;0.3&#8243; width=&#8221;4\/6&#8243; tablet_width_inherit=&#8221;default&#8221; animation_type=&#8221;default&#8221; bg_image_animation=&#8221;none&#8221; border_type=&#8221;simple&#8221; column_border_width=&#8221;none&#8221; column_border_style=&#8221;solid&#8221; column_padding_type=&#8221;advanced&#8221; gradient_type=&#8221;default&#8221;][vc_column_text css=&#8221;&#8221; text_direction=&#8221;default&#8221;]\n<h5 style=\"text-align: left;\">Responsabilidade Social<\/h5>\n[\/vc_column_text][divider line_type=&#8221;Full Width Line&#8221; line_thickness=&#8221;1&#8243; divider_color=&#8221;accent-color&#8221; divider_opacity=&#8221;50&#8243; custom_height=&#8221;50&#8243;][vc_column_text css=&#8221;&#8221; text_direction=&#8221;default&#8221;]\n<h6 style=\"text-align: left;\">Primeiro Pinhais Open de T\u00eanis \u2013 Parceria que fortalece esporte, inclus\u00e3o e comunidade.<\/h6>\n[\/vc_column_text][vc_column_text css=&#8221;&#8221; text_direction=&#8221;default&#8221;]\n<p style=\"text-align: left;\">A Revesteel e a Revemed tiveram a honra de apoiar o Primeiro Pinhais Open de<br \/>\nT\u00eanis, realizado em parceria com a Prefeitura de Pinhais. O evento marcou um passo importante para o incentivo ao esporte local e para a promo\u00e7\u00e3o de a\u00e7\u00f5es que integram sa\u00fade, bem-estar e desenvolvimento social.<\/p>\n<p><img loading=\"lazy\" decoding=\"async\" class=\"aligncenter wp-image-8293\" src=\"http:\/\/revemed.com.br\/wp-content\/uploads\/2025\/12\/OpenTenis-219x300.jpeg\" alt=\"\" width=\"486\" height=\"666\" srcset=\"http:\/\/revemed.com.br\/wp-content\/uploads\/2025\/12\/OpenTenis-219x300.jpeg 219w, http:\/\/revemed.com.br\/wp-content\/uploads\/2025\/12\/OpenTenis-748x1024.jpeg 748w, http:\/\/revemed.com.br\/wp-content\/uploads\/2025\/12\/OpenTenis-768x1052.jpeg 768w, http:\/\/revemed.com.br\/wp-content\/uploads\/2025\/12\/OpenTenis-1121x1536.jpeg 1121w, http:\/\/revemed.com.br\/wp-content\/uploads\/2025\/12\/OpenTenis.jpeg 1179w\" sizes=\"auto, (max-width: 486px) 100vw, 486px\" \/><\/p>\n<p><img loading=\"lazy\" decoding=\"async\" class=\"wp-image-8295 aligncenter\" src=\"http:\/\/revemed.com.br\/wp-content\/uploads\/2025\/12\/DSC0949-200x300.jpg\" alt=\"\" width=\"491\" height=\"737\" srcset=\"http:\/\/revemed.com.br\/wp-content\/uploads\/2025\/12\/DSC0949-200x300.jpg 200w, http:\/\/revemed.com.br\/wp-content\/uploads\/2025\/12\/DSC0949-683x1024.jpg 683w, http:\/\/revemed.com.br\/wp-content\/uploads\/2025\/12\/DSC0949-768x1152.jpg 768w, http:\/\/revemed.com.br\/wp-content\/uploads\/2025\/12\/DSC0949-1024x1536.jpg 1024w, http:\/\/revemed.com.br\/wp-content\/uploads\/2025\/12\/DSC0949-1365x2048.jpg 1365w, http:\/\/revemed.com.br\/wp-content\/uploads\/2025\/12\/DSC0949-scaled.jpg 1707w\" sizes=\"auto, (max-width: 491px) 100vw, 491px\" \/><\/p>\n<p>Durante o torneio, acompanhamos de perto a energia dos atletas das categorias<br \/>\nfeminina, masculina e da modalidade de t\u00eanis em cadeira de rodas, que trouxe ainda mais destaque para a import\u00e2ncia da inclus\u00e3o no esporte. Para n\u00f3s, foi uma oportunidade de refor\u00e7ar nosso compromisso com o incentivo \u00e0 pr\u00e1tica esportiva, \u00e0 qualidade de vida e ao impacto social positivo.<\/p>\n<p><img loading=\"lazy\" decoding=\"async\" class=\" wp-image-8291 aligncenter\" src=\"http:\/\/revemed.com.br\/wp-content\/uploads\/2025\/12\/DSC1341-300x200.jpg\" alt=\"\" width=\"483\" height=\"322\" srcset=\"http:\/\/revemed.com.br\/wp-content\/uploads\/2025\/12\/DSC1341-300x200.jpg 300w, http:\/\/revemed.com.br\/wp-content\/uploads\/2025\/12\/DSC1341-1024x683.jpg 1024w, http:\/\/revemed.com.br\/wp-content\/uploads\/2025\/12\/DSC1341-768x512.jpg 768w, http:\/\/revemed.com.br\/wp-content\/uploads\/2025\/12\/DSC1341-1536x1024.jpg 1536w, http:\/\/revemed.com.br\/wp-content\/uploads\/2025\/12\/DSC1341-2048x1365.jpg 2048w, http:\/\/revemed.com.br\/wp-content\/uploads\/2025\/12\/DSC1341-900x600.jpg 900w\" sizes=\"auto, (max-width: 483px) 100vw, 483px\" \/><\/p>\n<p>Nosso apoio reflete diretamente o prop\u00f3sito de nossas marcas:<br \/>\n\u2022 Revesteel: Engenharia de superf\u00edcie que impulsiona performance e durabilidade, refletindo nosso compromisso com tecnologia e evolu\u00e7\u00e3o cont\u00ednua.<br \/>\n\u2022 Revemed: Solu\u00e7\u00f5es biom\u00e9dicas que elevam a biocompatibilidade, a durabilidade e a efic\u00e1cia dos implantes m\u00e9dicos \u2014 contribuindo para um futuro mais saud\u00e1vel e com melhor qualidade de vida.<\/p>\n<p><img loading=\"lazy\" decoding=\"async\" class=\"wp-image-8289 aligncenter\" src=\"http:\/\/revemed.com.br\/wp-content\/uploads\/2025\/12\/DSC1243-300x200.jpg\" alt=\"\" width=\"494\" height=\"329\" srcset=\"http:\/\/revemed.com.br\/wp-content\/uploads\/2025\/12\/DSC1243-300x200.jpg 300w, http:\/\/revemed.com.br\/wp-content\/uploads\/2025\/12\/DSC1243-1024x683.jpg 1024w, http:\/\/revemed.com.br\/wp-content\/uploads\/2025\/12\/DSC1243-768x512.jpg 768w, http:\/\/revemed.com.br\/wp-content\/uploads\/2025\/12\/DSC1243-1536x1024.jpg 1536w, http:\/\/revemed.com.br\/wp-content\/uploads\/2025\/12\/DSC1243-2048x1365.jpg 2048w, http:\/\/revemed.com.br\/wp-content\/uploads\/2025\/12\/DSC1243-900x600.jpg 900w\" sizes=\"auto, (max-width: 494px) 100vw, 494px\" \/><\/p>\n<p>Seguimos acreditando no esporte como uma poderosa ferramenta de desenvolvimento humano, inclus\u00e3o e bem-estar. Este evento fortalece ainda mais nosso compromisso ESG e o valor que buscamos gerar para nossos clientes, parceiros e para a comunidade.[\/vc_column_text][\/vc_column][vc_column column_padding=&#8221;no-extra-padding&#8221; column_padding_tablet=&#8221;inherit&#8221; column_padding_phone=&#8221;inherit&#8221; column_padding_position=&#8221;all&#8221; column_element_direction_desktop=&#8221;default&#8221; column_element_spacing=&#8221;default&#8221; desktop_text_alignment=&#8221;default&#8221; tablet_text_alignment=&#8221;default&#8221; phone_text_alignment=&#8221;default&#8221; background_color_opacity=&#8221;1&#8243; background_hover_color_opacity=&#8221;1&#8243; column_backdrop_filter=&#8221;none&#8221; column_shadow=&#8221;none&#8221; column_border_radius=&#8221;none&#8221; column_link_target=&#8221;_self&#8221; column_position=&#8221;default&#8221; gradient_direction=&#8221;left_to_right&#8221; overlay_strength=&#8221;0.3&#8243; width=&#8221;1\/6&#8243; tablet_width_inherit=&#8221;default&#8221; animation_type=&#8221;default&#8221; bg_image_animation=&#8221;none&#8221; border_type=&#8221;simple&#8221; column_border_width=&#8221;none&#8221; column_border_style=&#8221;solid&#8221;][\/vc_column][\/vc_row]\n","protected":false},"excerpt":{"rendered":"<p>[vc_row type=&#8221;full_width_background&#8221; full_screen_row_position=&#8221;middle&#8221; column_margin=&#8221;default&#8221; equal_height=&#8221;yes&#8221; content_placement=&#8221;top&#8221; column_direction=&#8221;default&#8221; column_direction_tablet=&#8221;default&#8221; column_direction_phone=&#8221;default&#8221; scene_position=&#8221;center&#8221; top_padding=&#8221;0&#8243; constrain_group_1=&#8221;yes&#8221; bottom_padding=&#8221;0&#8243; constrain_group_2=&#8221;yes&#8221; top_margin=&#8221;0&#8243; text_color=&#8221;dark&#8221; text_align=&#8221;left&#8221; row_border_radius=&#8221;none&#8221; row_border_radius_applies=&#8221;bg&#8221; overflow=&#8221;visible&#8221; overlay_strength=&#8221;0.3&#8243; gradient_direction=&#8221;left_to_right&#8221; shape_divider_position=&#8221;bottom&#8221; bg_image_animation=&#8221;none&#8221; gradient_type=&#8221;default&#8221; shape_type=&#8221;&#8221;][vc_column column_padding=&#8221;no-extra-padding&#8221; column_padding_tablet=&#8221;inherit&#8221; column_padding_phone=&#8221;inherit&#8221; column_padding_position=&#8221;all&#8221;&#8230;<\/p>\n","protected":false},"author":3,"featured_media":0,"parent":0,"menu_order":0,"comment_status":"closed","ping_status":"closed","template":"","meta":{"footnotes":""},"class_list":["post-8285","page","type-page","status-publish"],"_links":{"self":[{"href":"http:\/\/revemed.com.br\/pt-br\/wp-json\/wp\/v2\/pages\/8285","targetHints":{"allow":["GET"]}}],"collection":[{"href":"http:\/\/revemed.com.br\/pt-br\/wp-json\/wp\/v2\/pages"}],"about":[{"href":"http:\/\/revemed.com.br\/pt-br\/wp-json\/wp\/v2\/types\/page"}],"author":[{"embeddable":true,"href":"http:\/\/revemed.com.br\/pt-br\/wp-json\/wp\/v2\/users\/3"}],"replies":[{"embeddable":true,"href":"http:\/\/revemed.com.br\/pt-br\/wp-json\/wp\/v2\/comments?post=8285"}],"version-history":[{"count":6,"href":"http:\/\/revemed.com.br\/pt-br\/wp-json\/wp\/v2\/pages\/8285\/revisions"}],"predecessor-version":[{"id":8302,"href":"http:\/\/revemed.com.br\/pt-br\/wp-json\/wp\/v2\/pages\/8285\/revisions\/8302"}],"wp:attachment":[{"href":"http:\/\/revemed.com.br\/pt-br\/wp-json\/wp\/v2\/media?parent=8285"}],"curies":[{"name":"wp","href":"https:\/\/api.w.org\/{rel}","templated":true}]}}