{"id":8135,"date":"2025-05-09T11:44:04","date_gmt":"2025-05-09T11:44:04","guid":{"rendered":"https:\/\/revemed.com.br\/?page_id=8135"},"modified":"2025-05-09T11:44:04","modified_gmt":"2025-05-09T11:44:04","slug":"sustentabilidade","status":"publish","type":"page","link":"http:\/\/revemed.com.br\/pt-br\/sustentabilidade\/","title":{"rendered":"Sustentabilidade"},"content":{"rendered":"[vc_row type=&#8221;full_width_background&#8221; full_screen_row_position=&#8221;middle&#8221; column_margin=&#8221;default&#8221; equal_height=&#8221;yes&#8221; content_placement=&#8221;top&#8221; column_direction=&#8221;default&#8221; column_direction_tablet=&#8221;default&#8221; column_direction_phone=&#8221;default&#8221; scene_position=&#8221;center&#8221; top_padding=&#8221;0&#8243; constrain_group_1=&#8221;yes&#8221; bottom_padding=&#8221;0&#8243; constrain_group_2=&#8221;yes&#8221; top_margin=&#8221;0&#8243; text_color=&#8221;dark&#8221; text_align=&#8221;left&#8221; row_border_radius=&#8221;none&#8221; row_border_radius_applies=&#8221;bg&#8221; overflow=&#8221;visible&#8221; overlay_strength=&#8221;0.3&#8243; gradient_direction=&#8221;left_to_right&#8221; shape_divider_position=&#8221;bottom&#8221; bg_image_animation=&#8221;none&#8221; gradient_type=&#8221;default&#8221; shape_type=&#8221;&#8221;][vc_column column_padding=&#8221;no-extra-padding&#8221; column_padding_tablet=&#8221;inherit&#8221; column_padding_phone=&#8221;inherit&#8221; column_padding_position=&#8221;all&#8221; translate_y=&#8221;-60px&#8221; column_element_direction_desktop=&#8221;default&#8221; column_element_spacing=&#8221;default&#8221; desktop_text_alignment=&#8221;default&#8221; tablet_text_alignment=&#8221;default&#8221; phone_text_alignment=&#8221;default&#8221; background_color_opacity=&#8221;1&#8243; background_hover_color_opacity=&#8221;1&#8243; column_backdrop_filter=&#8221;none&#8221; column_shadow=&#8221;none&#8221; column_border_radius=&#8221;none&#8221; column_link_target=&#8221;_self&#8221; column_position=&#8221;default&#8221; gradient_direction=&#8221;left_to_right&#8221; overlay_strength=&#8221;0.3&#8243; width=&#8221;1\/6&#8243; tablet_width_inherit=&#8221;default&#8221; animation_type=&#8221;default&#8221; bg_image_animation=&#8221;none&#8221; border_type=&#8221;simple&#8221; column_border_width=&#8221;none&#8221; column_border_style=&#8221;solid&#8221; column_padding_type=&#8221;default&#8221; gradient_type=&#8221;default&#8221;][\/vc_column][vc_column top_padding_desktop=&#8221;5%&#8221; bottom_padding_desktop=&#8221;10%&#8221; left_padding_desktop=&#8221;5%&#8221; right_padding_desktop=&#8221;5%&#8221; bottom_margin=&#8221;0&#8243; translate_y=&#8221;-160&#8243; column_element_direction_desktop=&#8221;default&#8221; column_element_spacing=&#8221;default&#8221; desktop_text_alignment=&#8221;default&#8221; tablet_text_alignment=&#8221;default&#8221; phone_text_alignment=&#8221;default&#8221; background_color=&#8221;#ffffff&#8221; background_color_opacity=&#8221;0.9&#8243; background_hover_color_opacity=&#8221;1&#8243; column_backdrop_filter=&#8221;none&#8221; column_shadow=&#8221;none&#8221; column_border_radius=&#8221;none&#8221; column_link_target=&#8221;_self&#8221; column_position=&#8221;default&#8221; gradient_direction=&#8221;left_to_right&#8221; overlay_strength=&#8221;0.3&#8243; width=&#8221;4\/6&#8243; tablet_width_inherit=&#8221;default&#8221; animation_type=&#8221;default&#8221; bg_image_animation=&#8221;none&#8221; border_type=&#8221;simple&#8221; column_border_width=&#8221;none&#8221; column_border_style=&#8221;solid&#8221; column_padding_type=&#8221;advanced&#8221; gradient_type=&#8221;default&#8221;][vc_column_text]\n<h5 style=\"text-align: left;\">Sustentabilidade<\/h5>\n[\/vc_column_text][divider line_type=&#8221;Full Width Line&#8221; line_thickness=&#8221;1&#8243; divider_color=&#8221;accent-color&#8221; divider_opacity=&#8221;50&#8243; custom_height=&#8221;50&#8243;][vc_column_text]\n<h6 style=\"text-align: left;\"><span style=\"color: #000000;\">Entendemos a import\u00e2ncia e a responsabilidade de caminharmos juntos com o progresso do desenvolvimento sustent\u00e1vel mundial.<\/span><\/h6>\n[\/vc_column_text][vc_column_text css=&#8221;&#8221; text_direction=&#8221;default&#8221;]\n<p style=\"text-align: left;\">Nossa meta \u00e9 tornarmos cada vez mais presentes em tecnologias limpas e confi\u00e1veis, alinhados \u00e0s pr\u00e1ticas ESG (Environmental, Social and Governance) com o compromisso de moldar a empresa em dire\u00e7\u00e3o a um futuro melhor.<span class=\"Apple-converted-space\">\u00a0<\/span><\/p>\n<p>Sustentabilidade, inclus\u00e3o e diversidade est\u00e3o como prioridade em nossos valores. Acreditamos que a evolu\u00e7\u00e3o \u00e9 constante e coletiva, e que mudan\u00e7as s\u00e3o necess\u00e1rias e urgentes para transformar nossa cultura organizacional.<\/p>\n<p>Para essa transforma\u00e7\u00e3o acontecer, estamos unindo as melhores refer\u00eancias e pr\u00e1ticas que adotem uma abordagem preventiva, respons\u00e1vel e proativa para os desafios ambientais, com o compromisso de integrar a sustentabilidade em nossa gest\u00e3o e neg\u00f3cios.<\/p>\n<p>Promoveremos o debate e o desenvolvimento de solu\u00e7\u00f5es que enderecem desafios socioambientais assumindo um papel de protagonismo na constru\u00e7\u00e3o de uma jornada colaborativa e plural inspirando e engajando as pessoas nessa transforma\u00e7\u00e3o.<\/p>\n<p>Chegamos at\u00e9 aqui buscando o imposs\u00edvel. Procuramos desafios al\u00e9m das nossas capacidades e n\u00e3o nos conformamos com o status quo. Temos como meta avan\u00e7ar e aderir a agenda ESG, bem como construir um legado econ\u00f4mico, social e ambiental positivo, mitigando os impactos das nossas opera\u00e7\u00f5es.[\/vc_column_text][\/vc_column][vc_column column_padding=&#8221;no-extra-padding&#8221; column_padding_tablet=&#8221;inherit&#8221; column_padding_phone=&#8221;inherit&#8221; column_padding_position=&#8221;all&#8221; column_element_direction_desktop=&#8221;default&#8221; column_element_spacing=&#8221;default&#8221; desktop_text_alignment=&#8221;default&#8221; tablet_text_alignment=&#8221;default&#8221; phone_text_alignment=&#8221;default&#8221; background_color_opacity=&#8221;1&#8243; background_hover_color_opacity=&#8221;1&#8243; column_backdrop_filter=&#8221;none&#8221; column_shadow=&#8221;none&#8221; column_border_radius=&#8221;none&#8221; column_link_target=&#8221;_self&#8221; column_position=&#8221;default&#8221; gradient_direction=&#8221;left_to_right&#8221; overlay_strength=&#8221;0.3&#8243; width=&#8221;1\/6&#8243; tablet_width_inherit=&#8221;default&#8221; animation_type=&#8221;default&#8221; bg_image_animation=&#8221;none&#8221; border_type=&#8221;simple&#8221; column_border_width=&#8221;none&#8221; column_border_style=&#8221;solid&#8221;][\/vc_column][\/vc_row]\n","protected":false},"excerpt":{"rendered":"<p>[vc_row type=&#8221;full_width_background&#8221; full_screen_row_position=&#8221;middle&#8221; column_margin=&#8221;default&#8221; equal_height=&#8221;yes&#8221; content_placement=&#8221;top&#8221; column_direction=&#8221;default&#8221; column_direction_tablet=&#8221;default&#8221; column_direction_phone=&#8221;default&#8221; scene_position=&#8221;center&#8221; top_padding=&#8221;0&#8243; constrain_group_1=&#8221;yes&#8221; bottom_padding=&#8221;0&#8243; constrain_group_2=&#8221;yes&#8221; top_margin=&#8221;0&#8243; text_color=&#8221;dark&#8221; text_align=&#8221;left&#8221; row_border_radius=&#8221;none&#8221; row_border_radius_applies=&#8221;bg&#8221; overflow=&#8221;visible&#8221; overlay_strength=&#8221;0.3&#8243; gradient_direction=&#8221;left_to_right&#8221; shape_divider_position=&#8221;bottom&#8221; bg_image_animation=&#8221;none&#8221; gradient_type=&#8221;default&#8221; shape_type=&#8221;&#8221;][vc_column column_padding=&#8221;no-extra-padding&#8221; column_padding_tablet=&#8221;inherit&#8221; column_padding_phone=&#8221;inherit&#8221; column_padding_position=&#8221;all&#8221;&#8230;<\/p>\n","protected":false},"author":3,"featured_media":0,"parent":0,"menu_order":0,"comment_status":"closed","ping_status":"closed","template":"","meta":{"footnotes":""},"class_list":["post-8135","page","type-page","status-publish"],"_links":{"self":[{"href":"http:\/\/revemed.com.br\/pt-br\/wp-json\/wp\/v2\/pages\/8135","targetHints":{"allow":["GET"]}}],"collection":[{"href":"http:\/\/revemed.com.br\/pt-br\/wp-json\/wp\/v2\/pages"}],"about":[{"href":"http:\/\/revemed.com.br\/pt-br\/wp-json\/wp\/v2\/types\/page"}],"author":[{"embeddable":true,"href":"http:\/\/revemed.com.br\/pt-br\/wp-json\/wp\/v2\/users\/3"}],"replies":[{"embeddable":true,"href":"http:\/\/revemed.com.br\/pt-br\/wp-json\/wp\/v2\/comments?post=8135"}],"version-history":[{"count":1,"href":"http:\/\/revemed.com.br\/pt-br\/wp-json\/wp\/v2\/pages\/8135\/revisions"}],"predecessor-version":[{"id":8136,"href":"http:\/\/revemed.com.br\/pt-br\/wp-json\/wp\/v2\/pages\/8135\/revisions\/8136"}],"wp:attachment":[{"href":"http:\/\/revemed.com.br\/pt-br\/wp-json\/wp\/v2\/media?parent=8135"}],"curies":[{"name":"wp","href":"https:\/\/api.w.org\/{rel}","templated":true}]}}