{"id":8127,"date":"2025-05-09T11:28:20","date_gmt":"2025-05-09T11:28:20","guid":{"rendered":"https:\/\/revemed.com.br\/?page_id=8127"},"modified":"2025-05-09T11:28:20","modified_gmt":"2025-05-09T11:28:20","slug":"nossa-historia","status":"publish","type":"page","link":"http:\/\/revemed.com.br\/pt-br\/nossa-historia\/","title":{"rendered":"Nossa Hist\u00f3ria"},"content":{"rendered":"[vc_row type=&#8221;in_container&#8221; full_screen_row_position=&#8221;middle&#8221; column_margin=&#8221;default&#8221; column_direction=&#8221;default&#8221; column_direction_tablet=&#8221;default&#8221; column_direction_phone=&#8221;default&#8221; scene_position=&#8221;center&#8221; text_color=&#8221;dark&#8221; text_align=&#8221;left&#8221; row_border_radius=&#8221;none&#8221; row_border_radius_applies=&#8221;bg&#8221; overflow=&#8221;visible&#8221; overlay_strength=&#8221;0.3&#8243; gradient_direction=&#8221;left_to_right&#8221; shape_divider_position=&#8221;bottom&#8221; bg_image_animation=&#8221;none&#8221; gradient_type=&#8221;default&#8221; shape_type=&#8221;&#8221;][vc_column column_padding=&#8221;no-extra-padding&#8221; column_padding_tablet=&#8221;inherit&#8221; column_padding_phone=&#8221;inherit&#8221; column_padding_position=&#8221;all&#8221; column_element_direction_desktop=&#8221;default&#8221; column_element_spacing=&#8221;default&#8221; desktop_text_alignment=&#8221;default&#8221; tablet_text_alignment=&#8221;default&#8221; phone_text_alignment=&#8221;default&#8221; background_color_opacity=&#8221;1&#8243; background_hover_color_opacity=&#8221;1&#8243; column_backdrop_filter=&#8221;none&#8221; column_shadow=&#8221;none&#8221; column_border_radius=&#8221;none&#8221; column_link_target=&#8221;_self&#8221; column_position=&#8221;default&#8221; gradient_direction=&#8221;left_to_right&#8221; overlay_strength=&#8221;0.3&#8243; width=&#8221;1\/6&#8243; tablet_width_inherit=&#8221;default&#8221; animation_type=&#8221;default&#8221; bg_image_animation=&#8221;none&#8221; border_type=&#8221;simple&#8221; column_border_width=&#8221;none&#8221; column_border_style=&#8221;solid&#8221;][\/vc_column][vc_column column_padding=&#8221;no-extra-padding&#8221; column_padding_tablet=&#8221;inherit&#8221; column_padding_phone=&#8221;inherit&#8221; column_padding_position=&#8221;all&#8221; column_element_direction_desktop=&#8221;default&#8221; column_element_spacing=&#8221;default&#8221; desktop_text_alignment=&#8221;default&#8221; tablet_text_alignment=&#8221;default&#8221; phone_text_alignment=&#8221;default&#8221; background_color_opacity=&#8221;1&#8243; background_hover_color_opacity=&#8221;1&#8243; column_backdrop_filter=&#8221;none&#8221; column_shadow=&#8221;none&#8221; column_border_radius=&#8221;none&#8221; column_link_target=&#8221;_self&#8221; column_position=&#8221;default&#8221; gradient_direction=&#8221;left_to_right&#8221; overlay_strength=&#8221;0.3&#8243; width=&#8221;4\/6&#8243; tablet_width_inherit=&#8221;default&#8221; animation_type=&#8221;default&#8221; bg_image_animation=&#8221;none&#8221; border_type=&#8221;simple&#8221; column_border_width=&#8221;none&#8221; column_border_style=&#8221;solid&#8221;][vc_column_text css=&#8221;&#8221; text_direction=&#8221;default&#8221;]\n<h5>Nossa Hist\u00f3ria<\/h5>\n[\/vc_column_text][divider line_type=&#8221;Full Width Line&#8221; line_thickness=&#8221;1&#8243; divider_color=&#8221;accent-color&#8221; divider_opacity=&#8221;50&#8243;][vc_column_text css=&#8221;&#8221; text_direction=&#8221;default&#8221;]\n<h6 class=\"p1\"><a href=\"http:\/\/revesteel.com.br\" target=\"_blank\" rel=\"noopener\"><span class=\"s1\" style=\"color: #000000;\"><img loading=\"lazy\" decoding=\"async\" class=\"alignnone wp-image-8035 size-full\" src=\"https:\/\/revemed.com.br\/wp-content\/uploads\/2025\/05\/gruporevesteel_barra.png\" alt=\"Grupo Revesteel\" width=\"1894\" height=\"189\" srcset=\"http:\/\/revemed.com.br\/wp-content\/uploads\/2025\/05\/gruporevesteel_barra.png 1894w, http:\/\/revemed.com.br\/wp-content\/uploads\/2025\/05\/gruporevesteel_barra-300x30.png 300w, http:\/\/revemed.com.br\/wp-content\/uploads\/2025\/05\/gruporevesteel_barra-1024x102.png 1024w, http:\/\/revemed.com.br\/wp-content\/uploads\/2025\/05\/gruporevesteel_barra-768x77.png 768w, http:\/\/revemed.com.br\/wp-content\/uploads\/2025\/05\/gruporevesteel_barra-1536x153.png 1536w\" sizes=\"auto, (max-width: 1894px) 100vw, 1894px\" \/><\/span><\/a><\/h6>\n<h6 class=\"p1\"><span style=\"color: #000000;\">Tr\u00eas d\u00e9cadas de evolu\u00e7\u00e3o, inova\u00e7\u00e3o e transforma\u00e7\u00e3o<\/span><\/h6>\n[\/vc_column_text][vc_column_text css=&#8221;&#8221; text_direction=&#8221;default&#8221;]\n<p class=\"p1\">Com mais de 30 anos de excel\u00eancia em Engenharia de Superf\u00edcie, a Revesteel consolida sua posi\u00e7\u00e3o como a maior refer\u00eancia em metaliza\u00e7\u00e3o por aspers\u00e3o t\u00e9rmica no Brasil.<\/p>\n<p class=\"p1\">Nossa expertise no processo de Aspers\u00e3o T\u00e9rmica (AT), aliada a um portf\u00f3lio diversificado e \u00e0 constante busca por inova\u00e7\u00f5es, nos permite atender \u00e0s demandas mais desafiadoras dos principais setores industriais.<\/p>\n<p class=\"p1\">Al\u00e9m de atuar como l\u00edder em solu\u00e7\u00f5es industriais, a Revesteel vem expandindo sua atua\u00e7\u00e3o no promissor setor de Engenharia Biom\u00e9dica, oferecendo solu\u00e7\u00f5es avan\u00e7adas para revestimentos biocompat\u00edveis, essenciais para integra\u00e7\u00e3o \u00f3ssea e aplica\u00e7\u00e3o em implantes m\u00e9dicos.<\/p>\n<p class=\"p1\">Essa trajet\u00f3ria de crescimento cont\u00ednuo reflete nosso compromisso em investir em pesquisa, desenvolvimento de novas tecnologias e excel\u00eancia t\u00e9cnica.<\/p>\n<p class=\"p1\">Como parte da nossa evolu\u00e7\u00e3o e estrat\u00e9gia de inova\u00e7\u00e3o, criamos dois setores especializados, cada um com uma identidade pr\u00f3pria, mas totalmente integrados \u00e0 miss\u00e3o e ao prop\u00f3sito da Revesteel:<\/p>\n<p class=\"p1\"><strong>Revemed \u2013 Engenharia Biom\u00e9dica:<\/strong> Setor especializado em solu\u00e7\u00f5es avan\u00e7adas para a \u00e1rea biom\u00e9dica.<\/p>\n<p class=\"p1\">A Revemed tem avan\u00e7ado em novas tecnologias de revestimentos na \u00e1rea de engenharia biom\u00e9dica, desenvolvendo solu\u00e7\u00f5es focadas em biocompatibilidade e integra\u00e7\u00e3o \u00f3ssea.<\/p>\n<p class=\"p1\"><span class=\"s1\">Esses revestimentos s\u00e3o aplicados em implantes dent\u00e1rios, m\u00e9dicos, como pr\u00f3teses e componentes ortop\u00e9dicos, garantindo maior durabilidade, desempenho e seguran\u00e7a para pacientes.<\/span><\/p>\n<p class=\"p1\">Com tecnologia de ponta, a Revemed contribui para a inova\u00e7\u00e3o no setor biom\u00e9dico, unindo expertise em engenharia de superf\u00edcie \u00e0 sa\u00fade humana.<\/p>\n<p class=\"p1\"><strong>Revetech &#8211; P&amp;DI &#8211; Pesquisa, Desenvolvimento e Inova\u00e7\u00e3o:<\/strong> Setor dedicado \u00e0 pesquisa de novas solu\u00e7\u00f5es em engenharia de superf\u00edcie.<\/p>\n<p><img loading=\"lazy\" decoding=\"async\" class=\"aligncenter wp-image-8036 size-full\" src=\"https:\/\/revemed.com.br\/wp-content\/uploads\/2025\/05\/grupo_revesteel.png\" alt=\"Grupo Revesteel\" width=\"988\" height=\"368\" srcset=\"http:\/\/revemed.com.br\/wp-content\/uploads\/2025\/05\/grupo_revesteel.png 988w, http:\/\/revemed.com.br\/wp-content\/uploads\/2025\/05\/grupo_revesteel-300x112.png 300w, http:\/\/revemed.com.br\/wp-content\/uploads\/2025\/05\/grupo_revesteel-768x286.png 768w\" sizes=\"auto, (max-width: 988px) 100vw, 988px\" \/>[\/vc_column_text][\/vc_column][vc_column column_padding=&#8221;no-extra-padding&#8221; column_padding_tablet=&#8221;inherit&#8221; column_padding_phone=&#8221;inherit&#8221; column_padding_position=&#8221;all&#8221; column_element_direction_desktop=&#8221;default&#8221; column_element_spacing=&#8221;default&#8221; desktop_text_alignment=&#8221;default&#8221; tablet_text_alignment=&#8221;default&#8221; phone_text_alignment=&#8221;default&#8221; background_color_opacity=&#8221;1&#8243; background_hover_color_opacity=&#8221;1&#8243; column_backdrop_filter=&#8221;none&#8221; column_shadow=&#8221;none&#8221; column_border_radius=&#8221;none&#8221; column_link_target=&#8221;_self&#8221; column_position=&#8221;default&#8221; gradient_direction=&#8221;left_to_right&#8221; overlay_strength=&#8221;0.3&#8243; width=&#8221;1\/6&#8243; tablet_width_inherit=&#8221;default&#8221; animation_type=&#8221;default&#8221; bg_image_animation=&#8221;none&#8221; border_type=&#8221;simple&#8221; column_border_width=&#8221;none&#8221; column_border_style=&#8221;solid&#8221;][\/vc_column][\/vc_row]\n","protected":false},"excerpt":{"rendered":"<p>[vc_row type=&#8221;in_container&#8221; full_screen_row_position=&#8221;middle&#8221; column_margin=&#8221;default&#8221; column_direction=&#8221;default&#8221; column_direction_tablet=&#8221;default&#8221; column_direction_phone=&#8221;default&#8221; scene_position=&#8221;center&#8221; text_color=&#8221;dark&#8221; text_align=&#8221;left&#8221; row_border_radius=&#8221;none&#8221; row_border_radius_applies=&#8221;bg&#8221; overflow=&#8221;visible&#8221; overlay_strength=&#8221;0.3&#8243; gradient_direction=&#8221;left_to_right&#8221; shape_divider_position=&#8221;bottom&#8221; bg_image_animation=&#8221;none&#8221; gradient_type=&#8221;default&#8221; shape_type=&#8221;&#8221;][vc_column column_padding=&#8221;no-extra-padding&#8221; column_padding_tablet=&#8221;inherit&#8221; column_padding_phone=&#8221;inherit&#8221; column_padding_position=&#8221;all&#8221; column_element_direction_desktop=&#8221;default&#8221; column_element_spacing=&#8221;default&#8221; desktop_text_alignment=&#8221;default&#8221; tablet_text_alignment=&#8221;default&#8221; phone_text_alignment=&#8221;default&#8221; background_color_opacity=&#8221;1&#8243; background_hover_color_opacity=&#8221;1&#8243;&#8230;<\/p>\n","protected":false},"author":3,"featured_media":0,"parent":0,"menu_order":0,"comment_status":"closed","ping_status":"closed","template":"","meta":{"footnotes":""},"class_list":["post-8127","page","type-page","status-publish"],"_links":{"self":[{"href":"http:\/\/revemed.com.br\/pt-br\/wp-json\/wp\/v2\/pages\/8127","targetHints":{"allow":["GET"]}}],"collection":[{"href":"http:\/\/revemed.com.br\/pt-br\/wp-json\/wp\/v2\/pages"}],"about":[{"href":"http:\/\/revemed.com.br\/pt-br\/wp-json\/wp\/v2\/types\/page"}],"author":[{"embeddable":true,"href":"http:\/\/revemed.com.br\/pt-br\/wp-json\/wp\/v2\/users\/3"}],"replies":[{"embeddable":true,"href":"http:\/\/revemed.com.br\/pt-br\/wp-json\/wp\/v2\/comments?post=8127"}],"version-history":[{"count":1,"href":"http:\/\/revemed.com.br\/pt-br\/wp-json\/wp\/v2\/pages\/8127\/revisions"}],"predecessor-version":[{"id":8128,"href":"http:\/\/revemed.com.br\/pt-br\/wp-json\/wp\/v2\/pages\/8127\/revisions\/8128"}],"wp:attachment":[{"href":"http:\/\/revemed.com.br\/pt-br\/wp-json\/wp\/v2\/media?parent=8127"}],"curies":[{"name":"wp","href":"https:\/\/api.w.org\/{rel}","templated":true}]}}