{"id":7923,"date":"2025-04-27T16:51:28","date_gmt":"2025-04-27T16:51:28","guid":{"rendered":"https:\/\/revemed.com.br\/?page_id=7923"},"modified":"2025-05-09T11:04:09","modified_gmt":"2025-05-09T11:04:09","slug":"inovacao","status":"publish","type":"page","link":"http:\/\/revemed.com.br\/pt-br\/inovacao\/","title":{"rendered":"Inova\u00e7\u00e3o"},"content":{"rendered":"[vc_row type=&#8221;full_width_background&#8221; full_screen_row_position=&#8221;middle&#8221; column_margin=&#8221;default&#8221; equal_height=&#8221;yes&#8221; content_placement=&#8221;top&#8221; column_direction=&#8221;default&#8221; column_direction_tablet=&#8221;default&#8221; column_direction_phone=&#8221;default&#8221; scene_position=&#8221;center&#8221; top_padding=&#8221;0&#8243; constrain_group_2=&#8221;yes&#8221; top_margin=&#8221;0&#8243; text_color=&#8221;dark&#8221; text_align=&#8221;left&#8221; row_border_radius=&#8221;none&#8221; row_border_radius_applies=&#8221;bg&#8221; overflow=&#8221;visible&#8221; overlay_strength=&#8221;0.3&#8243; gradient_direction=&#8221;left_to_right&#8221; shape_divider_position=&#8221;bottom&#8221; bg_image_animation=&#8221;none&#8221; gradient_type=&#8221;default&#8221; shape_type=&#8221;&#8221;][vc_column column_padding=&#8221;no-extra-padding&#8221; column_padding_tablet=&#8221;inherit&#8221; column_padding_phone=&#8221;inherit&#8221; column_padding_position=&#8221;all&#8221; translate_y=&#8221;-60px&#8221; column_element_direction_desktop=&#8221;default&#8221; column_element_spacing=&#8221;default&#8221; desktop_text_alignment=&#8221;default&#8221; tablet_text_alignment=&#8221;default&#8221; phone_text_alignment=&#8221;default&#8221; background_color_opacity=&#8221;1&#8243; background_hover_color_opacity=&#8221;1&#8243; column_backdrop_filter=&#8221;none&#8221; column_shadow=&#8221;none&#8221; column_border_radius=&#8221;none&#8221; column_link_target=&#8221;_self&#8221; column_position=&#8221;default&#8221; gradient_direction=&#8221;left_to_right&#8221; overlay_strength=&#8221;0.3&#8243; width=&#8221;1\/6&#8243; tablet_width_inherit=&#8221;default&#8221; animation_type=&#8221;default&#8221; bg_image_animation=&#8221;none&#8221; border_type=&#8221;simple&#8221; column_border_width=&#8221;none&#8221; column_border_style=&#8221;solid&#8221; column_padding_type=&#8221;default&#8221; gradient_type=&#8221;default&#8221;][\/vc_column][vc_column top_padding_desktop=&#8221;5%&#8221; bottom_padding_desktop=&#8221;0&#8243; left_padding_desktop=&#8221;5%&#8221; right_padding_desktop=&#8221;5%&#8221; bottom_margin=&#8221;0&#8243; translate_y=&#8221;-160px&#8221; translate_y_tablet=&#8221;-1&#8243; translate_y_phone=&#8221;-1&#8243; column_element_direction_desktop=&#8221;default&#8221; column_element_spacing=&#8221;default&#8221; desktop_text_alignment=&#8221;default&#8221; tablet_text_alignment=&#8221;default&#8221; phone_text_alignment=&#8221;default&#8221; background_color=&#8221;#ffffff&#8221; background_color_opacity=&#8221;0.8&#8243; background_hover_color_opacity=&#8221;1&#8243; column_backdrop_filter=&#8221;none&#8221; column_shadow=&#8221;none&#8221; column_border_radius=&#8221;none&#8221; column_link_target=&#8221;_self&#8221; column_position=&#8221;default&#8221; gradient_direction=&#8221;left_to_right&#8221; overlay_strength=&#8221;0.3&#8243; width=&#8221;4\/6&#8243; tablet_width_inherit=&#8221;default&#8221; animation_type=&#8221;default&#8221; bg_image_animation=&#8221;none&#8221; border_type=&#8221;simple&#8221; column_border_width=&#8221;none&#8221; column_border_style=&#8221;solid&#8221; column_padding_type=&#8221;advanced&#8221; gradient_type=&#8221;default&#8221;][vc_row_inner column_margin=&#8221;default&#8221; column_direction=&#8221;default&#8221; column_direction_tablet=&#8221;default&#8221; column_direction_phone=&#8221;default&#8221; text_align=&#8221;left&#8221; row_position=&#8221;relative&#8221; row_position_tablet=&#8221;inherit&#8221; row_position_phone=&#8221;inherit&#8221; overflow=&#8221;visible&#8221; pointer_events=&#8221;all&#8221;][vc_column_inner column_padding=&#8221;no-extra-padding&#8221; column_padding_tablet=&#8221;inherit&#8221; column_padding_phone=&#8221;inherit&#8221; column_padding_position=&#8221;all&#8221; column_element_direction_desktop=&#8221;default&#8221; column_element_spacing=&#8221;default&#8221; desktop_text_alignment=&#8221;default&#8221; tablet_text_alignment=&#8221;default&#8221; phone_text_alignment=&#8221;default&#8221; background_color_opacity=&#8221;1&#8243; background_hover_color_opacity=&#8221;1&#8243; column_backdrop_filter=&#8221;none&#8221; column_shadow=&#8221;none&#8221; column_border_radius=&#8221;none&#8221; column_link_target=&#8221;_self&#8221; overflow=&#8221;visible&#8221; gradient_direction=&#8221;left_to_right&#8221; overlay_strength=&#8221;0.3&#8243; width=&#8221;1\/1&#8243; tablet_width_inherit=&#8221;default&#8221; animation_type=&#8221;default&#8221; bg_image_animation=&#8221;none&#8221; border_type=&#8221;simple&#8221; column_border_width=&#8221;none&#8221; column_border_style=&#8221;solid&#8221;][vc_column_text css=&#8221;&#8221; text_direction=&#8221;default&#8221;]\n<h5 style=\"text-align: left;\">Revetech<\/h5>\n[\/vc_column_text][divider line_type=&#8221;Full Width Line&#8221; line_thickness=&#8221;1&#8243; divider_color=&#8221;accent-color&#8221; divider_opacity=&#8221;50&#8243;][vc_column_text css=&#8221;&#8221; text_direction=&#8221;default&#8221;]\n<h6 class=\"p1\"><span style=\"color: #000000;\"><span class=\"s1\">Setor de Pesquisa, <\/span><span class=\"s1\">Desenvolvimento e Inova\u00e7\u00e3o.<\/span><\/span><\/h6>\n[\/vc_column_text][vc_column_text css=&#8221;&#8221; text_direction=&#8221;default&#8221;]\n<p class=\"p1\"><span class=\"s1\">Nosso setor de Pesquisa, Desenvolvimento e Inova\u00e7\u00e3o \u00e9 o alicerce que sustenta a <\/span><span class=\"s2\">excel\u00eancia de nossas solu\u00e7\u00f5es em engenharia de superf\u00edcie. Com mais de tr\u00eas <\/span><span class=\"s1\">d\u00e9cadas de experi\u00eancia, desenvolvemos tecnologias de revestimento por aspers\u00e3o <\/span><span class=\"s1\">t\u00e9rmica que impulsionam o desempenho de ind\u00fastrias de ponta.<\/span><\/p>\n<p class=\"p1\"><span class=\"s1\">Nosso foco \u00e9 a inova\u00e7\u00e3o cont\u00ednua. Atrav\u00e9s de nossa plataforma de P&amp;D, exploramos <\/span><span class=\"s1\">novos materiais, aprimoramos processos e criamos solu\u00e7\u00f5es sob medida para <\/span><span class=\"s1\">enfrentar os desafios mais rigorosos do mercado global. Seja em ambientes extremos <\/span><span class=\"s2\">ou em aplica\u00e7\u00f5es cr\u00edticas, nossos revestimentos s\u00e3o projetados para aumentar a <\/span><span class=\"s1\">durabilidade, resist\u00eancia ao desgaste e \u00e0 corros\u00e3o, otimizando a performance e a <\/span><span class=\"s1\">confiabilidade de componentes industriais essenciais.<\/span><\/p>\n<p class=\"p1\"><span class=\"s1\">Combinando a expertise t\u00e9cnica de nossa equipe com tecnologias avan\u00e7adas como o <\/span><span class=\"s1\">plasma spray, entregamos solu\u00e7\u00f5es que n\u00e3o apenas atendem, mas superam os <\/span><span class=\"s1\">requisitos operacionais de nossos clientes. Cada projeto \u00e9 desenvolvido com um <\/span><span class=\"s1\">profundo entendimento das necessidades espec\u00edficas de setores como biomedicina, <\/span><span class=\"s2\">garantindo resultados de alta qualidade e efici\u00eancia.<\/span><\/p>\n<p class=\"p1\"><span class=\"s1\">Nosso compromisso com a inova\u00e7\u00e3o \u00e9 refor\u00e7ado por parcerias estrat\u00e9gicas com <\/span><span class=\"s1\">centros de pesquisa e universidades, al\u00e9m de um di\u00e1logo constante com nossos <\/span><span class=\"s1\">clientes. Isso nos permite criar solu\u00e7\u00f5es inovadoras e personalizadas, integrando as <\/span><span class=\"s1\">mais recentes descobertas cient\u00edficas com as demandas pr\u00e1ticas do mercado.<\/span><\/p>\n<p class=\"p1\"><span class=\"s1\">A Revesteel, Revemed e Revetech transformam desafios complexos em <\/span><span class=\"s1\">oportunidades de sucesso. Por meio de nossa dedica\u00e7\u00e3o \u00e0 pesquisa e inova\u00e7\u00e3o, <\/span><span class=\"s1\">ajudamos empresas l\u00edderes a manter suas opera\u00e7\u00f5es \u00e0 frente, com solu\u00e7\u00f5es robustas <\/span><span class=\"s1\">e sustent\u00e1veis que garantem maior efici\u00eancia, e maior confiabilidade.<\/span><\/p>\n[\/vc_column_text][\/vc_column_inner][\/vc_row_inner][\/vc_column][vc_column column_padding=&#8221;no-extra-padding&#8221; column_padding_tablet=&#8221;inherit&#8221; column_padding_phone=&#8221;inherit&#8221; column_padding_position=&#8221;all&#8221; column_element_direction_desktop=&#8221;default&#8221; column_element_spacing=&#8221;default&#8221; desktop_text_alignment=&#8221;default&#8221; tablet_text_alignment=&#8221;default&#8221; phone_text_alignment=&#8221;default&#8221; background_color_opacity=&#8221;1&#8243; background_hover_color_opacity=&#8221;1&#8243; column_backdrop_filter=&#8221;none&#8221; column_shadow=&#8221;none&#8221; column_border_radius=&#8221;none&#8221; column_link_target=&#8221;_self&#8221; column_position=&#8221;default&#8221; gradient_direction=&#8221;left_to_right&#8221; overlay_strength=&#8221;0.3&#8243; width=&#8221;1\/6&#8243; tablet_width_inherit=&#8221;default&#8221; animation_type=&#8221;default&#8221; bg_image_animation=&#8221;none&#8221; border_type=&#8221;simple&#8221; column_border_width=&#8221;none&#8221; column_border_style=&#8221;solid&#8221;][\/vc_column][\/vc_row]\n","protected":false},"excerpt":{"rendered":"<p>[vc_row type=&#8221;full_width_background&#8221; full_screen_row_position=&#8221;middle&#8221; column_margin=&#8221;default&#8221; equal_height=&#8221;yes&#8221; content_placement=&#8221;top&#8221; column_direction=&#8221;default&#8221; column_direction_tablet=&#8221;default&#8221; column_direction_phone=&#8221;default&#8221; scene_position=&#8221;center&#8221; top_padding=&#8221;0&#8243; constrain_group_2=&#8221;yes&#8221; top_margin=&#8221;0&#8243; text_color=&#8221;dark&#8221; text_align=&#8221;left&#8221; row_border_radius=&#8221;none&#8221; row_border_radius_applies=&#8221;bg&#8221; overflow=&#8221;visible&#8221; overlay_strength=&#8221;0.3&#8243; gradient_direction=&#8221;left_to_right&#8221; shape_divider_position=&#8221;bottom&#8221; bg_image_animation=&#8221;none&#8221; gradient_type=&#8221;default&#8221; shape_type=&#8221;&#8221;][vc_column column_padding=&#8221;no-extra-padding&#8221; column_padding_tablet=&#8221;inherit&#8221; column_padding_phone=&#8221;inherit&#8221; column_padding_position=&#8221;all&#8221; translate_y=&#8221;-60px&#8221; column_element_direction_desktop=&#8221;default&#8221;&#8230;<\/p>\n","protected":false},"author":3,"featured_media":0,"parent":0,"menu_order":0,"comment_status":"closed","ping_status":"closed","template":"","meta":{"footnotes":""},"class_list":["post-7923","page","type-page","status-publish"],"_links":{"self":[{"href":"http:\/\/revemed.com.br\/pt-br\/wp-json\/wp\/v2\/pages\/7923","targetHints":{"allow":["GET"]}}],"collection":[{"href":"http:\/\/revemed.com.br\/pt-br\/wp-json\/wp\/v2\/pages"}],"about":[{"href":"http:\/\/revemed.com.br\/pt-br\/wp-json\/wp\/v2\/types\/page"}],"author":[{"embeddable":true,"href":"http:\/\/revemed.com.br\/pt-br\/wp-json\/wp\/v2\/users\/3"}],"replies":[{"embeddable":true,"href":"http:\/\/revemed.com.br\/pt-br\/wp-json\/wp\/v2\/comments?post=7923"}],"version-history":[{"count":3,"href":"http:\/\/revemed.com.br\/pt-br\/wp-json\/wp\/v2\/pages\/7923\/revisions"}],"predecessor-version":[{"id":7928,"href":"http:\/\/revemed.com.br\/pt-br\/wp-json\/wp\/v2\/pages\/7923\/revisions\/7928"}],"wp:attachment":[{"href":"http:\/\/revemed.com.br\/pt-br\/wp-json\/wp\/v2\/media?parent=7923"}],"curies":[{"name":"wp","href":"https:\/\/api.w.org\/{rel}","templated":true}]}}